{"id":241,"date":"2017-08-08T14:00:29","date_gmt":"2017-08-08T14:00:29","guid":{"rendered":"https:\/\/victorthemes.com\/themes\/groppe\/?page_id=241"},"modified":"2025-06-24T21:23:12","modified_gmt":"2025-06-24T21:23:12","slug":"about-us","status":"publish","type":"page","link":"https:\/\/yarinasansver.com\/index.php\/about-us\/","title":{"rendered":"HAKKIMIZDA"},"content":{"rendered":"<section class=\"wpb-content-wrapper\"><p>[vc_row overlay_dotted=&#8221;&#8221; css=&#8221;.vc_custom_1506604734439{margin-bottom: 45px !important;padding-right: 0px !important;padding-left: 0px !important;}&#8221;][vc_column css=&#8221;.vc_custom_1689968081837{padding-top: 10px !important;padding-right: 10px !important;}&#8221; offset=&#8221;vc_col-lg-6 vc_col-md-6&#8243;][vc_single_image image=&#8221;3054&#8243; img_size=&#8221;full&#8221;][\/vc_column][vc_column offset=&#8221;vc_col-lg-6 vc_col-md-6&#8243; css=&#8221;.vc_custom_1507709761955{padding-left: 20px !important;}&#8221;][vc_column_text el_class=&#8221;grop-fix grop-about_txt&#8221;]<em><strong>YARINA \u015eANS VER derne\u011fi k\u0131sa ad\u0131 YASAV, \u201cYar\u0131na \u015eans Vermek \u0130\u00e7in Zaman Yok\u201d diyerek y\u0131l\u0131n en k\u0131sa gu\u0308nu\u0308 21 Aral\u0131k\u2019ta Kurucu Ba\u015fkan Emire Cantu\u0308rk EREN \u00f6nderli\u011finde 35 kurucu u\u0308yesi ile kurulmu\u015ftur.<\/strong><\/em><\/p>\n<p>Dernek, ihtiya\u00e7 sahibi ki\u015filere ayni ve nakdi olmak u\u0308zere her tu\u0308rlu\u0308 yard\u0131mda bulunmak, toplumda yard\u0131mla\u015fma bilincinin gu\u0308\u00e7lenmesini sa\u011flamak, iyi insan ve iyi toplum in\u015fas\u0131na hizmet etmek, yeni i\u015f birli\u011fi modelleri ve projelerle \u00e7a\u011fda\u015f ve su\u0308rdu\u0308ru\u0308lebilir yard\u0131mla\u015fma ve dayan\u0131\u015fma a\u011flar\u0131 olu\u015fturmak, yerel ku\u0308ltu\u0308ru\u0308n korunarak gu\u0308nu\u0308mu\u0308z teknolojik olanaklar\u0131yla geli\u015fmesine ve gelece\u011fe ta\u015f\u0131nmas\u0131na katk\u0131 sa\u011flamak amac\u0131ndad\u0131r.<\/p>\n<p>Sa\u011fl\u0131k, e\u011fitim ve spor alan\u0131nda hizmet verecek olan dernek u\u0308yelerinin sosyal ve ku\u0308ltu\u0308rel ihtiya\u00e7lar\u0131n\u0131 kar\u015f\u0131lamak, birlikteli\u011fi sa\u011flamak, u\u0308yelerinin sosyal a\u00e7\u0131dan yard\u0131mla\u015fmalar\u0131n\u0131 ve dayan\u0131\u015fmalar\u0131n\u0131 te\u015fvik etmek, insan hayvan fark g\u00f6zetmeksizin ihtiya\u00e7 sahiplerine yard\u0131mda bulunmak i\u00e7in \u00e7al\u0131\u015fmalar\u0131n\u0131 su\u0308rdu\u0308recektir.[\/vc_column_text][\/vc_column][\/vc_row][vc_row full_width=&#8221;stretch_row_content_no_spaces&#8221; overlay_dotted=&#8221;&#8221;][vc_column]    <div class=\"grop-missions_area\">\n     <div class=\"grop-missions_block container  grop-service-69de03712258d\">\n      <div class=\"con-class  grop-service-69de03712258d\">\n        <div class=\"row\">\n                      <div class=\"col-md-4 col-sm-4\">\n              <div class=\"grop-missions_single\">\n                                  <div class=\"grop-float_left  grop-missions_icon\">\n                    <img src=\"https:\/\/yarinasansver.com\/wp-content\/uploads\/2017\/01\/logo-two.png\" alt=\"\" \/>\n                  <\/div>\n                                <div class=\"grop-fix grop-missions_txt\">\n                  <h4><a href=\"#0\" >Pozitif D\u00fc\u015f\u00fcn<\/a><\/h4><p>Dinleri, etnik k\u00f6kenleri veya cinsiyetleri ne olursa olsun t\u00fcm canl\u0131lara hizmet ediyoruz.<\/p>                <\/div><!--\/end-->\n              <\/div>\n            <\/div>\n                      <div class=\"col-md-4 col-sm-4\">\n              <div class=\"grop-missions_single\">\n                                  <div class=\"grop-float_left  grop-missions_icon\">\n                    <img src=\"https:\/\/yarinasansver.com\/wp-content\/uploads\/2017\/01\/logo-two.png\" alt=\"\" \/>\n                  <\/div>\n                                <div class=\"grop-fix grop-missions_txt\">\n                  <h4><a href=\"#0\" >Y\u00fcrekten Yard\u0131m Et<\/a><\/h4><p>Anl\u0131k \u00e7\u00f6z\u00fcmlerin yan\u0131 s\u0131ra, ihtiya\u00e7 sahiplerinin sorunlar\u0131n\u0131 tespit edip kal\u0131c\u0131 \u00e7\u00f6z\u00fcmler i\u00e7in \u00e7al\u0131\u015f\u0131yoruz.<\/p>                <\/div><!--\/end-->\n              <\/div>\n            <\/div>\n                      <div class=\"col-md-4 col-sm-4 col-sm-offset-0  col-md-offset-0\">\n              <div class=\"grop-missions_single\">\n                                  <div class=\"grop-float_left  grop-missions_icon\">\n                    <img src=\"https:\/\/yarinasansver.com\/wp-content\/uploads\/2017\/01\/logo-two.png\" alt=\"\" \/>\n                  <\/div>\n                                <div class=\"grop-fix grop-missions_txt\">\n                  <h4><a href=\"#0\" >\u0130yili\u011fin Yay\u0131ls\u0131n<\/a><\/h4><p>G\u00f6n\u00fcll\u00fcl\u00fck ile dokundu\u011fun yar\u0131nlar\u0131n iyilik hareketi t\u00fcm \u00e7evrene yay\u0131ls\u0131n.<\/p>                <\/div><!--\/end-->\n              <\/div>\n            <\/div>\n          \n        <\/div>\n      <\/div>\n    <\/div>\n  <\/div>\n[\/vc_column][\/vc_row][vc_row overlay_dotted=&#8221;&#8221; css=&#8221;.vc_custom_1689967648803{margin-right: 0px !important;margin-left: 0px !important;background-color: #b89d67 !important;}&#8221;][vc_column css=&#8221;.vc_custom_1504694696117{padding-top: 0px !important;}&#8221;]<div class=\"grop-callout_area  grop-parlx-69de037122af5\"><div class=\"grop-vertical_middle  grop-fix grop-callout_container   vc_custom_1504695436119\"><div class=\"grop-ab_calut_txt\"><h3>SENDE B\u0130ZE KATIL!<\/h3>\n<p>D\u00fcnyada her dakika bir ihtiya\u00e7 sahibi, s\u0131rf birileri onlara<br \/>\neliniz uzatm\u0131yor diye umutsuzlu\u011fa kap\u0131l\u0131yor&#8230;<\/p>\n<\/div><div class=\"grop-float_right grop-callout_btn_warp\"><div class=\"calout-btn\"><a class=\"grop-btn grop-btn_overly grop-callout_btn grop-btn-69de037122ce2-yasav-gonullusu-ol  \" href=\"#0\"><span>YASAV G\u00d6N\u00dcLL\u00dcS\u00dc OL<\/span><\/a><\/div><\/div><\/div><\/div>[\/vc_column][\/vc_row]<\/p>\n<\/section>","protected":false},"excerpt":{"rendered":"[vc_row overlay_dotted=&#8221;&#8221; css=&#8221;.vc_custom_1506604734439{margin-bottom: 45px !important;padding-right: 0px !important;padding-left: 0px !important;}&#8221;][vc_column css=&#8221;.vc_custom_1689968081837{padding-top: 10px !important;padding-right: 10px !important;}&#8221; offset=&#8221;vc_col-lg-6 vc_col-md-6&#8243;][vc_single_image image=&#8221;3054&#8243; img_size=&#8221;full&#8221;][\/vc_column][vc_column offset=&#8221;vc_col-lg-6 vc_col-md-6&#8243; css=&#8221;.vc_custom_1507709761955{padding-left: 20px !important;}&#8221;][vc_column_text el_class=&#8221;grop-fix grop-about_txt&#8221;]YARINA \u015eANS VER derne\u011fi k\u0131sa ad\u0131 &#8230;","protected":false},"author":1,"featured_media":0,"parent":0,"menu_order":0,"comment_status":"closed","ping_status":"closed","template":"","meta":[],"_links":{"self":[{"href":"https:\/\/yarinasansver.com\/index.php\/wp-json\/wp\/v2\/pages\/241"}],"collection":[{"href":"https:\/\/yarinasansver.com\/index.php\/wp-json\/wp\/v2\/pages"}],"about":[{"href":"https:\/\/yarinasansver.com\/index.php\/wp-json\/wp\/v2\/types\/page"}],"author":[{"embeddable":true,"href":"https:\/\/yarinasansver.com\/index.php\/wp-json\/wp\/v2\/users\/1"}],"replies":[{"embeddable":true,"href":"https:\/\/yarinasansver.com\/index.php\/wp-json\/wp\/v2\/comments?post=241"}],"version-history":[{"count":19,"href":"https:\/\/yarinasansver.com\/index.php\/wp-json\/wp\/v2\/pages\/241\/revisions"}],"predecessor-version":[{"id":3056,"href":"https:\/\/yarinasansver.com\/index.php\/wp-json\/wp\/v2\/pages\/241\/revisions\/3056"}],"wp:attachment":[{"href":"https:\/\/yarinasansver.com\/index.php\/wp-json\/wp\/v2\/media?parent=241"}],"curies":[{"name":"wp","href":"https:\/\/api.w.org\/{rel}","templated":true}]}}