{"id":476,"date":"2017-08-16T14:34:39","date_gmt":"2017-08-16T14:34:39","guid":{"rendered":"https:\/\/victorthemes.com\/themes\/groppe\/faq-copy\/"},"modified":"2025-06-24T22:27:37","modified_gmt":"2025-06-24T22:27:37","slug":"uyelik","status":"publish","type":"page","link":"https:\/\/yarinasansver.com\/index.php\/uyelik\/","title":{"rendered":"\u00dcYEL\u0130K"},"content":{"rendered":"<section class=\"wpb-content-wrapper\"><p>[vc_row overlay_dotted=&#8221;&#8221; css=&#8221;.vc_custom_1507018787113{padding-top: 80px !important;padding-bottom: 20px !important;}&#8221;][vc_column el_class=&#8221;grop-bvtxt_warp&#8221; offset=&#8221;vc_col-lg-6 vc_col-md-6&#8243;][vc_column_text]YASAV \u00dcyesi olmak i\u00e7in ilk olarak \u00dcye Ba\u015fvuru Formu doldurularak ve a\u015fa\u011f\u0131daki ilgili belgeler ekli olarak iletilerek <a href=\"mailto:info@yarinasansver.com\">info@yarinasansver.com<\/a> adresine g\u00f6nderilir.<\/p>\n<p>\u00dcyelik ba\u015fvurular\u0131 de\u011ferlendirilerek uygun olan aday\/adaylar ile \u201c\u00f6n g\u00f6r\u00fc\u015fme ger\u00e7ekle\u015ftirilir.\u201d<\/p>\n<p>\u00d6n g\u00f6r\u00fc\u015fmeler sonras\u0131 YASAV Y\u00f6netim Kurulu taraf\u0131ndan \u00fcye olabilecek aday\/adaylar i\u00e7in karar al\u0131n\u0131r ve dernek \u00fcyeli\u011fi ba\u015flar.<\/p>\n<h3><a href=\"https:\/\/yarinasansver.com\/wp-content\/uploads\/2023\/07\/uyelik_basvuru_formu.pdf\"><strong>\u00dcYE BA\u015eVURU FORMUNU B\u0130LG\u0130SAYARINIZA \u0130ND\u0130RMEK \u0130\u00c7\u0130N TIKLAYINIZ.<\/strong><\/a><\/h3>\n<p>[\/vc_column_text][vc_column_text]<\/p>\n<h4><strong>\u00dcYEL\u0130K KABUL\u00dc \u0130\u00c7\u0130N GEREKL\u0130 B\u0130LG\u0130 VE BELGELER<\/strong><\/h4>\n<p><strong><br \/>\n<\/strong>Dernek \u00fcyeli\u011fi aday\/adaylar i\u00e7in a\u015fa\u011f\u0131daki bilgi ve belgelerin temininin tamamlanmas\u0131 istenir. T\u00fcm bilgi ve belgeler <a href=\"mailto:info@yarinasansver.com\">info@yarinasansver.com<\/a> adresine mail olarak iletilir.<\/p>\n<p>\u2013 \u00dcyelik Bilgi Formunun Doldurulmas\u0131<\/p>\n<p>\u2013 N\u00fcfus C\u00fczdan\u0131n\u0131n Arkal\u0131 \u00d6nl\u00fc Fotokopisi<\/p>\n<p>\u2013 2 Adet Vesikal\u0131k Foto\u011fraf ( Arka Fon Beyaz Renk Tercih Edilir )<\/p>\n<p>\u2013 E\u011fitim Durumunu G\u00f6sterir Belge<\/p>\n<p>\u2013 \u0130\u015fyerindeki pozisyonu ve y\u00f6netimindekileri g\u00f6sterir \u00e7izelge<\/p>\n<p>\u2013 Giri\u015f Aidat\u0131 \u00d6deme Dekontu<\/p>\n<p>\u2013 Y\u0131ll\u0131k Aidat \u00d6deme Dekontu<\/p>\n<p>\u2013 \u0130lgili Dekontlar (\u00d6deme Dekontlar\u0131 \u00d6n G\u00f6r\u00fc\u015fme Sonras\u0131 G\u00f6nderilecektir.)<\/p>\n<p>\u00d6n G\u00f6r\u00fc\u015fme Sonras\u0131 Adayl\u0131\u011f\u0131 Sonu\u00e7lanan Ki\u015filere \u00d6deme Bilgilerimiz G\u00f6nderilecektir.[\/vc_column_text][\/vc_column][vc_column offset=&#8221;vc_col-lg-6 vc_col-md-6&#8243; css=&#8221;.vc_custom_1507018539106{padding-top: 13px !important;}&#8221;]<div class=\"grop-contact_form grop-contact-69e37d43de94d grop-bv_form_box\"><h3 class=\"grop-form_title\">\u00dcYE OL<\/h3>\n<div class=\"wpcf7 no-js\" id=\"wpcf7-f1344-o1\" lang=\"en-US\" dir=\"ltr\">\n<div class=\"screen-reader-response\"><p role=\"status\" aria-live=\"polite\" aria-atomic=\"true\"><\/p> <ul><\/ul><\/div>\n<form action=\"\/index.php\/wp-json\/wp\/v2\/pages\/476#wpcf7-f1344-o1\" method=\"post\" class=\"wpcf7-form init\" aria-label=\"Contact form\" novalidate=\"novalidate\" data-status=\"init\">\n<div style=\"display: none;\">\n<input type=\"hidden\" name=\"_wpcf7\" value=\"1344\" \/>\n<input type=\"hidden\" name=\"_wpcf7_version\" value=\"5.7.7\" \/>\n<input type=\"hidden\" name=\"_wpcf7_locale\" value=\"en_US\" \/>\n<input type=\"hidden\" name=\"_wpcf7_unit_tag\" value=\"wpcf7-f1344-o1\" \/>\n<input type=\"hidden\" name=\"_wpcf7_container_post\" value=\"0\" \/>\n<input type=\"hidden\" name=\"_wpcf7_posted_data_hash\" value=\"\" \/>\n<\/div>\n<div class=\"grop-input-col-1 grop-bvfrm_sigl\">\n\t<p><label> Ad Soyad* <\/label><span class=\"wpcf7-form-control-wrap\" data-name=\"your-name\"><input size=\"40\" class=\"wpcf7-form-control wpcf7-text wpcf7-validates-as-required grop-form-control\" aria-required=\"true\" aria-invalid=\"false\" value=\"\" type=\"text\" name=\"your-name\" \/><\/span>\n\t<\/p>\n<\/div>\n<div class=\"grop-input-col-1 grop-bvfrm_sigl\">\n\t<p><label> Email* <\/label><span class=\"wpcf7-form-control-wrap\" data-name=\"your-email\"><input size=\"40\" class=\"wpcf7-form-control wpcf7-text wpcf7-email wpcf7-validates-as-required wpcf7-validates-as-email grop-form-control\" aria-required=\"true\" aria-invalid=\"false\" value=\"\" type=\"email\" name=\"your-email\" \/><\/span>\n\t<\/p>\n<\/div>\n<div class=\"grop-input-col-1 grop-bvfrm_sigl\">\n\t<p><label> Telefon* <\/label><span class=\"wpcf7-form-control-wrap\" data-name=\"phone\"><input size=\"40\" class=\"wpcf7-form-control wpcf7-text wpcf7-tel wpcf7-validates-as-required wpcf7-validates-as-tel grop-form-control\" aria-required=\"true\" aria-invalid=\"false\" value=\"\" type=\"tel\" name=\"phone\" \/><\/span>\n\t<\/p>\n<\/div>\n<div class=\"grop-input-col-1 grop-bvfrm_sigl\">\n\t<p><label> Adres <\/label><span class=\"wpcf7-form-control-wrap\" data-name=\"your-address\"><input size=\"40\" class=\"wpcf7-form-control wpcf7-text wpcf7-validates-as-required grop-form-control\" aria-required=\"true\" aria-invalid=\"false\" value=\"\" type=\"text\" name=\"your-address\" \/><\/span>\n\t<\/p>\n<\/div>\n<div class=\"row grop-input-col-2 grop-bvfrm_sigl\">\n\t<div class=\"col-sm-6\">\n\t<\/div>\n\t<div class=\"grop-input-col-1  grop-bvfrm_sigl\">\n\t\t<p><input class=\"wpcf7-form-control has-spinner wpcf7-submit grop-btn grop-btn_overly grop-btn_submit\" type=\"submit\" value=\"G\u00f6nder\" \/>\n\t\t<\/p>\n\t<\/div>\n<\/div><div class=\"wpcf7-response-output\" aria-hidden=\"true\"><\/div>\n<\/form>\n<\/div>\n<\/div>[\/vc_column][\/vc_row][vc_row full_width=&#8221;stretch_row_content_no_spaces&#8221; overlay_dotted=&#8221;&#8221; css=&#8221;.vc_custom_1504761531072{margin-top: 80px !important;}&#8221;][vc_column]<div class=\"grop-callout3_area  grop-parlx-69e37d43e8daa\"><div class=\"container text-center grop-callout3_cont grop-callout3faq_cont  \"><h2>D\u00fcnyan\u0131n neresinde olursa olsun ihtiya\u00e7 sahibi insanlara yard\u0131m etmek i\u00e7in<br \/>\nHER ZAMAN BURADAYIZ.<\/h2>\n<\/div><\/div>[\/vc_column][\/vc_row]<\/p>\n<\/section>","protected":false},"excerpt":{"rendered":"[vc_row overlay_dotted=&#8221;&#8221; css=&#8221;.vc_custom_1507018787113{padding-top: 80px !important;padding-bottom: 20px !important;}&#8221;][vc_column el_class=&#8221;grop-bvtxt_warp&#8221; offset=&#8221;vc_col-lg-6 vc_col-md-6&#8243;][vc_column_text]YASAV \u00dcyesi olmak i\u00e7in ilk olarak \u00dcye Ba\u015fvuru Formu doldurularak ve a\u015fa\u011f\u0131daki ilgili belgeler ekli olarak iletilerek info@yarinasansver.com adresine g\u00f6nderilir. \u00dcyelik &#8230;","protected":false},"author":1,"featured_media":0,"parent":0,"menu_order":0,"comment_status":"closed","ping_status":"closed","template":"","meta":[],"_links":{"self":[{"href":"https:\/\/yarinasansver.com\/index.php\/wp-json\/wp\/v2\/pages\/476"}],"collection":[{"href":"https:\/\/yarinasansver.com\/index.php\/wp-json\/wp\/v2\/pages"}],"about":[{"href":"https:\/\/yarinasansver.com\/index.php\/wp-json\/wp\/v2\/types\/page"}],"author":[{"embeddable":true,"href":"https:\/\/yarinasansver.com\/index.php\/wp-json\/wp\/v2\/users\/1"}],"replies":[{"embeddable":true,"href":"https:\/\/yarinasansver.com\/index.php\/wp-json\/wp\/v2\/comments?post=476"}],"version-history":[{"count":10,"href":"https:\/\/yarinasansver.com\/index.php\/wp-json\/wp\/v2\/pages\/476\/revisions"}],"predecessor-version":[{"id":3089,"href":"https:\/\/yarinasansver.com\/index.php\/wp-json\/wp\/v2\/pages\/476\/revisions\/3089"}],"wp:attachment":[{"href":"https:\/\/yarinasansver.com\/index.php\/wp-json\/wp\/v2\/media?parent=476"}],"curies":[{"name":"wp","href":"https:\/\/api.w.org\/{rel}","templated":true}]}}