{"id":492,"date":"2017-08-18T04:58:35","date_gmt":"2017-08-18T04:58:35","guid":{"rendered":"https:\/\/victorthemes.com\/themes\/groppe\/?page_id=492"},"modified":"2025-06-24T22:48:33","modified_gmt":"2025-06-24T22:48:33","slug":"burs","status":"publish","type":"page","link":"https:\/\/yarinasansver.com\/index.php\/burs\/","title":{"rendered":"BURS"},"content":{"rendered":"<section class=\"wpb-content-wrapper\"><p>[vc_row overlay_dotted=&#8221;&#8221; css=&#8221;.vc_custom_1504762250277{padding-bottom: 80px !important;}&#8221;][vc_column]<div class=\"grop-fix grop-oimt_warp\"><div class=\"grop-float_left  grop-oimt_crosl_warp\"><div class=\"owl-carousel  grop-oimt_carousel\"\n           data-loop=\"true\" data-items=\"5\" data-margin=\"30\" data-mouse-drag=\"true\" data-dots=\"true\"><div class=\"grop-oimt_single\"><img src=\"https:\/\/yarinasansver.com\/wp-content\/uploads\/2025\/06\/burs.jpg\" alt=\"\" ><h5 class=\"text-center  grop-oimt_cption\"><\/h5><\/div><\/div><\/div><div class=\"grop-fix  grop-oimt_txt\"><h3>B\u0130R GENC\u0130N YARININA UMUT OLMAK, B\u0130R TOPLUMUN GELECE\u011e\u0130N\u0130 \u0130N\u015eA ETMEKT\u0130R.<\/h3><p class=\"grop-oimt_semi\">Yar\u0131na \u015eans Ver Derne\u011fi olarak; e\u011fitimin g\u00fcc\u00fcne inan\u0131yor, ekonomik nedenlerle e\u011fitim hayat\u0131 sekteye u\u011frayabilecek gen\u00e7lerimize destek olmay\u0131 toplumsal bir sorumluluk kabul ediyoruz.<\/p>\n<p>Burs program\u0131m\u0131z, \u00f6zellikle sa\u011fl\u0131k, e\u011fitim, k\u00fclt\u00fcr ve sosyal alanlarda \u00fclkemize katk\u0131 sunacak potansiyele sahip, ba\u015far\u0131l\u0131 ve ihtiya\u00e7 sahibi \u00fcniversite \u00f6\u011frencilerine y\u00f6neliktir.<\/p><p>AMACIMIZ<\/p>\n<p>Gen\u00e7lerimizin e\u011fitimlerine kesintisiz devam edebilmelerini sa\u011flamak<\/p>\n<p>Onlara yaln\u0131zca maddi de\u011fil, manevi olarak da bir aile gibi destek olmak<\/p>\n<p>E\u011fitim yolculuklar\u0131nda g\u00fc\u00e7 birli\u011fi yaratmak<\/p>\n<p>K\u0130MLER BA\u015eVURAB\u0130L\u0130R?<\/p>\n<p>Devlet \u00fcniversitesinde veya tam burslu vak\u0131f \u00fcniversitesinde okuyan<\/p>\n<p>Ba\u015far\u0131l\u0131 ve maddi deste\u011fe ihtiya\u00e7 duyan lisans \u00f6\u011frencileri<\/p>\n<p>YASAV\u2019\u0131n toplumsal de\u011ferlerini benimseyen ve bu de\u011ferlere katk\u0131 sunmay\u0131 hedefleyen gen\u00e7ler<\/p>\n<p>BURS S\u00dcREC\u0130<\/p>\n<p>Ba\u015fvurular her y\u0131l Eyl\u00fcl ay\u0131nda a\u00e7\u0131l\u0131r.<\/p>\n<p>\u00d6n de\u011ferlendirme sonras\u0131 adaylarla g\u00f6r\u00fc\u015fmeler yap\u0131l\u0131r.<\/p>\n<p>Nihai bursiyerler, komisyon karar\u0131yla belirlenir.<\/p>\n<p>NEDEN YASAV BURS\u0130YER\u0130 OLMAK?<\/p>\n<p>YASAV bursu yaln\u0131zca bir maddi destek de\u011fildir;<\/p>\n<p>Etkinliklere, e\u011fitimlere, sosyal sorumluluk projelerine kat\u0131labilece\u011finiz<\/p>\n<p>G\u00fc\u00e7l\u00fc bir dayan\u0131\u015fma a\u011f\u0131na dahil olabilece\u011finiz<\/p>\n<p>Yar\u0131nlar\u0131 birlikte in\u015fa edece\u011fimiz bir yol arkada\u015fl\u0131\u011f\u0131d\u0131r.<\/p><a class=\"grop-btn grop-btn_overly grop-grop-oimtrm_btn\" href=\"mailto:info@yarinasansver.com\" target=\"_blank\"><span>BURS BA\u015eVURUSUNDA BULUN<\/span><\/a><\/div><\/div>[\/vc_column][\/vc_row]<\/p>\n<\/section>","protected":false},"excerpt":{"rendered":"[vc_row overlay_dotted=&#8221;&#8221; css=&#8221;.vc_custom_1504762250277{padding-bottom: 80px !important;}&#8221;][vc_column][\/vc_column][\/vc_row]","protected":false},"author":1,"featured_media":0,"parent":0,"menu_order":0,"comment_status":"closed","ping_status":"closed","template":"","meta":[],"_links":{"self":[{"href":"https:\/\/yarinasansver.com\/index.php\/wp-json\/wp\/v2\/pages\/492"}],"collection":[{"href":"https:\/\/yarinasansver.com\/index.php\/wp-json\/wp\/v2\/pages"}],"about":[{"href":"https:\/\/yarinasansver.com\/index.php\/wp-json\/wp\/v2\/types\/page"}],"author":[{"embeddable":true,"href":"https:\/\/yarinasansver.com\/index.php\/wp-json\/wp\/v2\/users\/1"}],"replies":[{"embeddable":true,"href":"https:\/\/yarinasansver.com\/index.php\/wp-json\/wp\/v2\/comments?post=492"}],"version-history":[{"count":10,"href":"https:\/\/yarinasansver.com\/index.php\/wp-json\/wp\/v2\/pages\/492\/revisions"}],"predecessor-version":[{"id":3101,"href":"https:\/\/yarinasansver.com\/index.php\/wp-json\/wp\/v2\/pages\/492\/revisions\/3101"}],"wp:attachment":[{"href":"https:\/\/yarinasansver.com\/index.php\/wp-json\/wp\/v2\/media?parent=492"}],"curies":[{"name":"wp","href":"https:\/\/api.w.org\/{rel}","templated":true}]}}