{"id":576,"date":"2017-08-21T07:43:19","date_gmt":"2017-08-21T07:43:19","guid":{"rendered":"https:\/\/victorthemes.com\/themes\/groppe\/?page_id=576"},"modified":"2023-07-21T21:05:27","modified_gmt":"2023-07-21T21:05:27","slug":"iletisim","status":"publish","type":"page","link":"https:\/\/yarinasansver.com\/index.php\/iletisim\/","title":{"rendered":"\u0130LET\u0130\u015e\u0130M"},"content":{"rendered":"<section class=\"wpb-content-wrapper\"><p>[vc_row overlay_dotted=&#8221;&#8221; css=&#8221;.vc_custom_1506606750513{padding-right: 0px !important;padding-left: 0px !important;}&#8221;][vc_column offset=&#8221;vc_col-lg-4 vc_col-md-4&#8243;][vc_column_text el_class=&#8221;grop-cgettouch_txt&#8221;]<\/p>\n<h3>I\u0307LETI\u0307\u015eI\u0307ME GE\u00c7I\u0307N<\/h3>\n<p>Size her zaman yard\u0131mc\u0131 olmak i\u00e7in buraday\u0131z, bu nedenle bize her an ula\u015fmaktan \u00e7ekinmeyin.[\/vc_column_text]<div class=\"grop-cgettouch_info \">\n  <h4>Merkez<\/h4>  <address class=\"grop-cgettouch_locn \">\n    <p>\u0130hsaniye Mah. Derleyen Sok. Bade Apt. No:8\/1A Nil\u00fcfer \/ BURSA<\/p><span>Tel:<a href=\"callto:444 4 633\">444 4 633<\/a><\/span><span>Mail:<a href=\"mailto:info@yarinasansver.com\">info@yarinasansver.com<\/a><\/span>  <\/address>\n<\/div>\n[\/vc_column][vc_column offset=&#8221;vc_col-lg-8 vc_col-md-8&#8243; css=&#8221;.vc_custom_1507709902761{padding-top: 13px !important;}&#8221;]<div class=\"grop-contact_form grop-contact-69e37d7db3af8\">\n<div class=\"wpcf7 no-js\" id=\"wpcf7-f1067-o1\" lang=\"en-US\" dir=\"ltr\">\n<div class=\"screen-reader-response\"><p role=\"status\" aria-live=\"polite\" aria-atomic=\"true\"><\/p> <ul><\/ul><\/div>\n<form action=\"\/index.php\/wp-json\/wp\/v2\/pages\/576#wpcf7-f1067-o1\" method=\"post\" class=\"wpcf7-form init\" aria-label=\"Contact form\" novalidate=\"novalidate\" data-status=\"init\">\n<div style=\"display: none;\">\n<input type=\"hidden\" name=\"_wpcf7\" value=\"1067\" \/>\n<input type=\"hidden\" name=\"_wpcf7_version\" value=\"5.7.7\" \/>\n<input type=\"hidden\" name=\"_wpcf7_locale\" value=\"en_US\" \/>\n<input type=\"hidden\" name=\"_wpcf7_unit_tag\" value=\"wpcf7-f1067-o1\" \/>\n<input type=\"hidden\" name=\"_wpcf7_container_post\" value=\"0\" \/>\n<input type=\"hidden\" name=\"_wpcf7_posted_data_hash\" value=\"\" \/>\n<\/div>\n<div class=\"row grop-input-col-2 grop-confrm_sigl\">\n\t<div class=\"col-sm-6\">\n\t\t<p><span class=\"wpcf7-form-control-wrap\" data-name=\"text-932\"><input size=\"40\" class=\"wpcf7-form-control wpcf7-text wpcf7-validates-as-required grop-form-control\" aria-required=\"true\" aria-invalid=\"false\" placeholder=\"\u0130sim Soyisim\" value=\"\" type=\"text\" name=\"text-932\" \/><\/span>\n\t\t<\/p>\n\t<\/div>\n\t<div class=\"col-sm-6\">\n\t\t<p><span class=\"wpcf7-form-control-wrap\" data-name=\"email-431\"><input size=\"40\" class=\"wpcf7-form-control wpcf7-text wpcf7-email wpcf7-validates-as-required wpcf7-validates-as-email grop-form-control\" aria-required=\"true\" aria-invalid=\"false\" placeholder=\"Mail\" value=\"\" type=\"email\" name=\"email-431\" \/><\/span>\n\t\t<\/p>\n\t<\/div>\n<\/div>\n<div class=\"grop-input-col-1 grop-confrm_sigl\">\n\t<p><span class=\"wpcf7-form-control-wrap\" data-name=\"subject\"><input size=\"40\" class=\"wpcf7-form-control wpcf7-text grop-form-control\" aria-invalid=\"false\" placeholder=\"Konu\" value=\"\" type=\"text\" name=\"subject\" \/><\/span>\n\t<\/p>\n<\/div>\n<div class=\"grop-input-col-1 grop-confrm_sigl\">\n\t<p><span class=\"wpcf7-form-control-wrap\" data-name=\"textarea-261\"><textarea cols=\"40\" rows=\"10\" class=\"wpcf7-form-control wpcf7-textarea wpcf7-validates-as-required grop-form-control\" aria-required=\"true\" aria-invalid=\"false\" placeholder=\"Mesaj\u0131n\u0131z....\" name=\"textarea-261\"><\/textarea><\/span>\n\t<\/p>\n<\/div>\n<div class=\"grop-input-col-1  grop-confrm_sigl\">\n\t<p><button class=\"grop-btn grop-btn_overly grop-btn_submit\" type=\"submit\"><span>G\u00d6NDER<\/span><\/button>\n\t<\/p>\n<\/div><div class=\"wpcf7-response-output\" aria-hidden=\"true\"><\/div>\n<\/form>\n<\/div>\n<\/div>[\/vc_column][\/vc_row][vc_row full_width=&#8221;stretch_row_content_no_spaces&#8221; overlay_dotted=&#8221;&#8221;][vc_column]<div id=\"232\" class=\"grop-gmap-tab\"><div id=\"map-69e37d7dc4897\" class=\"grop-google-map  grop-gmap-69e37d7dc4897\"><\/div><\/div>    <script type=\"text\/javascript\">\n    \/\/ Custom Map Script\n    jQuery(document).ready(function($) {\n      $(\"#map-69e37d7dc4897\").googleMap({\n        zoom: 15,\n        type: \"ROADMAP\",\n        styles: [{\"featureType\":\"all\",\"elementType\":\"labels.text.fill\",\"stylers\":[{\"saturation\":36},{\"color\":\"#000000\"},{\"lightness\":40}]},{\"featureType\":\"all\",\"elementType\":\"labels.text.stroke\",\"stylers\":[{\"visibility\":\"on\"},{\"color\":\"#000000\"},{\"lightness\":16}]},{\"featureType\":\"all\",\"elementType\":\"labels.icon\",\"stylers\":[{\"visibility\":\"off\"}]},{\"featureType\":\"administrative\",\"elementType\":\"geometry.fill\",\"stylers\":[{\"color\":\"#000000\"},{\"lightness\":20}]},{\"featureType\":\"administrative\",\"elementType\":\"geometry.stroke\",\"stylers\":[{\"color\":\"#000000\"},{\"lightness\":17},{\"weight\":1.2}]},{\"featureType\":\"landscape\",\"elementType\":\"geometry\",\"stylers\":[{\"color\":\"#000000\"},{\"lightness\":20}]},{\"featureType\":\"poi\",\"elementType\":\"geometry\",\"stylers\":[{\"color\":\"#000000\"},{\"lightness\":21}]},{\"featureType\":\"road.highway\",\"elementType\":\"geometry.fill\",\"stylers\":[{\"color\":\"#000000\"},{\"lightness\":17}]},{\"featureType\":\"road.highway\",\"elementType\":\"geometry.stroke\",\"stylers\":[{\"color\":\"#000000\"},{\"lightness\":29},{\"weight\":0.2}]},{\"featureType\":\"road.arterial\",\"elementType\":\"geometry\",\"stylers\":[{\"color\":\"#000000\"},{\"lightness\":18}]},{\"featureType\":\"road.local\",\"elementType\":\"geometry\",\"stylers\":[{\"color\":\"#000000\"},{\"lightness\":16}]},{\"featureType\":\"transit\",\"elementType\":\"geometry\",\"stylers\":[{\"color\":\"#000000\"},{\"lightness\":19}]},{\"featureType\":\"water\",\"elementType\":\"geometry\",\"stylers\":[{\"color\":\"#000000\"},{\"lightness\":17}]}],\n        streetViewControl: false,\n        scrollwheel: false,\n        mapTypeControl: false,\n                    coords: [40.712459, -74.008369],\n                  });\n            $(\"#map-69e37d7dc4897\").addMarker({\n        coords: [40.712459, -74.008369],\n        icon: 'https:\/\/yarinasansver.com\/wp-content\/plugins\/groppe-core\/assets\/images\/map-marker.png',\n        title: \"Head Office\",        text: \"App Street Avenue\",      });\n            $(\"#map-69e37d7dc4897\").addMarker({\n        coords: [40.706790, -74.017918],\n        icon: 'https:\/\/yarinasansver.com\/wp-content\/plugins\/groppe-core\/assets\/images\/map-marker.png',\n        title: \"Branch Office\",        text: \"Design Street Avenue\",      });\n            $(\"#map-69e37d7dc4897\").addMarker({\n        coords: [40.708221, -73.999164],\n        icon: 'https:\/\/yarinasansver.com\/wp-content\/plugins\/groppe-core\/assets\/images\/map-marker.png',\n        title: \"Branch Office\",        text: \"Creative Street\",      });\n          });\n    <\/script>\n[\/vc_column][\/vc_row][vc_row full_width=&#8221;stretch_row_content&#8221; overlay_dotted=&#8221;&#8221; css=&#8221;.vc_custom_1504705211800{padding-top: 75px !important;padding-bottom: 80px !important;background-color: #f0c84c !important;}&#8221;][vc_column css=&#8221;.vc_custom_1505911260295{padding-top: 0px !important;padding-right: 0px !important;padding-left: 0px !important;}&#8221;]<div class=\"grop-contact_social_area \"><div class=\"container\"><div class=\"text-center  grop-contact_social\"><h3>B\u0130Z\u0130 TAK\u0130P ED\u0130N<\/h3><p>En son haber ve g\u00fcncellemelerden haberdar olun ve haberlerimizi daha \u00e7ok ki\u015fiye ula\u015ft\u0131rarak bize yard\u0131mc\u0131 olun.<\/p><ul class=\"list-inline  grop-csol_list\"><li><a href=\"https:\/\/www.facebook.com\/yarinasansver\" target=\"_blank\"><i class=\"fa fa-facebook-official\"><\/i><\/a><\/li><li><a href=\"https:\/\/www.instagram.com\/yarinasansver\/\" target=\"_blank\"><i class=\"fa fa-instagram\"><\/i><\/a><\/li><\/ul><\/div><\/div><\/div>[\/vc_column][\/vc_row]<\/p>\n<\/section>","protected":false},"excerpt":{"rendered":"[vc_row overlay_dotted=&#8221;&#8221; css=&#8221;.vc_custom_1506606750513{padding-right: 0px !important;padding-left: 0px !important;}&#8221;][vc_column offset=&#8221;vc_col-lg-4 vc_col-md-4&#8243;][vc_column_text el_class=&#8221;grop-cgettouch_txt&#8221;] I\u0307LETI\u0307\u015eI\u0307ME GE\u00c7I\u0307N Size her zaman yard\u0131mc\u0131 olmak i\u00e7in buraday\u0131z, bu nedenle bize her an ula\u015fmaktan \u00e7ekinmeyin.[\/vc_column_text][\/vc_column][vc_column offset=&#8221;vc_col-lg-8 vc_col-md-8&#8243; css=&#8221;.vc_custom_1507709902761{padding-top: 13px &#8230;","protected":false},"author":1,"featured_media":0,"parent":0,"menu_order":0,"comment_status":"closed","ping_status":"closed","template":"","meta":[],"_links":{"self":[{"href":"https:\/\/yarinasansver.com\/index.php\/wp-json\/wp\/v2\/pages\/576"}],"collection":[{"href":"https:\/\/yarinasansver.com\/index.php\/wp-json\/wp\/v2\/pages"}],"about":[{"href":"https:\/\/yarinasansver.com\/index.php\/wp-json\/wp\/v2\/types\/page"}],"author":[{"embeddable":true,"href":"https:\/\/yarinasansver.com\/index.php\/wp-json\/wp\/v2\/users\/1"}],"replies":[{"embeddable":true,"href":"https:\/\/yarinasansver.com\/index.php\/wp-json\/wp\/v2\/comments?post=576"}],"version-history":[{"count":6,"href":"https:\/\/yarinasansver.com\/index.php\/wp-json\/wp\/v2\/pages\/576\/revisions"}],"predecessor-version":[{"id":2807,"href":"https:\/\/yarinasansver.com\/index.php\/wp-json\/wp\/v2\/pages\/576\/revisions\/2807"}],"wp:attachment":[{"href":"https:\/\/yarinasansver.com\/index.php\/wp-json\/wp\/v2\/media?parent=576"}],"curies":[{"name":"wp","href":"https:\/\/api.w.org\/{rel}","templated":true}]}}