{"id":603,"date":"2017-08-21T07:58:53","date_gmt":"2017-08-21T07:58:53","guid":{"rendered":"https:\/\/victorthemes.com\/themes\/groppe\/?page_id=603"},"modified":"2025-06-25T10:55:53","modified_gmt":"2025-06-25T10:55:53","slug":"yonetim-kurulu","status":"publish","type":"page","link":"https:\/\/yarinasansver.com\/index.php\/yonetim-kurulu\/","title":{"rendered":"Y\u00d6NET\u0130M KURULU"},"content":{"rendered":"<section class=\"wpb-content-wrapper\"><p>[vc_row overlay_dotted=&#8221;&#8221; css=&#8221;.vc_custom_1507190800269{margin-right: 0px !important;margin-left: 0px !important;}&#8221;][vc_column css=&#8221;.vc_custom_1507190791644{padding-right: 0px !important;padding-left: 0px !important;}&#8221;]    <div class=\"grop-team  grop-team-69e37d7db540e\"> <!-- team Starts -->\n      <div class=\"container\" style=\"width: 100%;\">\n        <div class=\"row\">\n                    <div class=\"grop-team-single-item col-md-4 col-sm-6 col-xs-6\">\n                            <div class=\"grop-vltrs_peple_sngle_intro  grop-tm_dr\">\n                <!--Volunteers people media image start \\-->\n                <div class=\"grop-vltrs_peple_media\">\n                  <div class=\"text-uppercase  grop-vltrs_peple_intro\">Y\u00d6NET\u0130M KURULU BA\u015eKANI<\/div>                  <a href=\"https:\/\/yarinasansver.com\/index.php\/team\/emire-eren\/\"><img src=\"https:\/\/yarinasansver.com\/wp-content\/uploads\/2023\/07\/emire-370x310.png\" alt=\"\" \/><\/a>\n                <\/div><!--\/Volunteers people media end-->\n                <!--Volunteers people text start \\-->\n                <div class=\"grop-vltrs_peple_cont_warp\">\n                  <!--Volunteers people intro text start \\-->\n                  <div class=\"grop-vltrs_peple_intro_txt\">\n                    <h4><a href=\"https:\/\/yarinasansver.com\/index.php\/team\/emire-eren\/\">Emire CANT\u00dcRK EREN<\/a><\/h4>                    <p>\n                                          <\/p>\n                  <\/div><!--\/end-->\n                  <!--Social  warp start \\-->\n                  <div class=\"grop-fix grop-vltrs_peple_social_warp row\">\n                    <!--title text start \\-->\n                    <div class=\"col-md-6\">\n                    <h5 class=\"text-left grop-vltrs_peple_scil_title\">Meet Me On:<\/h5><!--\/end--><\/div>\n                    <!--Social  start \\-->\n                    <div class=\"col-md-6  vltrs_peple_social\">\n                      <ul class=\"list-inline text-right\">\n                                            <\/ul>\n                    <\/div><!--\/end-->\n                  <\/div><!--\/Social  warp end-->\n                  \n                <\/div><!--\/Volunteers people media end-->\n                \n              <\/div>\n\n                          <\/div><!--\/Volunteers people single intro end-->\n                    <\/div> <!-- row -->\n      <\/div> <!-- container -->\n    <\/div> <!-- team End -->\n    [\/vc_column][\/vc_row][vc_row overlay_dotted=&#8221;&#8221; css=&#8221;.vc_custom_1507190800269{margin-right: 0px !important;margin-left: 0px !important;}&#8221;][vc_column css=&#8221;.vc_custom_1507190791644{padding-right: 0px !important;padding-left: 0px !important;}&#8221;]    <div class=\"grop-team  grop-team-69e37d7db6fb5\"> <!-- team Starts -->\n      <div class=\"container\" style=\"width: 100%;\">\n        <div class=\"row\">\n                    <div class=\"grop-team-single-item col-md-4 col-sm-6 col-xs-6\">\n                            <div class=\"grop-vltrs_peple_sngle_intro  grop-tm_dr\">\n                <!--Volunteers people media image start \\-->\n                <div class=\"grop-vltrs_peple_media\">\n                  <div class=\"text-uppercase  grop-vltrs_peple_intro\">BA\u015eKAN YARDIMCISI<\/div>                  <a href=\"https:\/\/yarinasansver.com\/index.php\/team\/ozleyis-ardali\/\"><img src=\"\" alt=\"\" \/><\/a>\n                <\/div><!--\/Volunteers people media end-->\n                <!--Volunteers people text start \\-->\n                <div class=\"grop-vltrs_peple_cont_warp\">\n                  <!--Volunteers people intro text start \\-->\n                  <div class=\"grop-vltrs_peple_intro_txt\">\n                    <h4><a href=\"https:\/\/yarinasansver.com\/index.php\/team\/ozleyis-ardali\/\">\u00d6zleyi\u015f ARDALI<\/a><\/h4>                    <p>\n                                          <\/p>\n                  <\/div><!--\/end-->\n                  <!--Social  warp start \\-->\n                  <div class=\"grop-fix grop-vltrs_peple_social_warp row\">\n                    <!--title text start \\-->\n                    <div class=\"col-md-6\">\n                    <h5 class=\"text-left grop-vltrs_peple_scil_title\">Meet Me On:<\/h5><!--\/end--><\/div>\n                    <!--Social  start \\-->\n                    <div class=\"col-md-6  vltrs_peple_social\">\n                      <ul class=\"list-inline text-right\">\n                                            <\/ul>\n                    <\/div><!--\/end-->\n                  <\/div><!--\/Social  warp end-->\n                  \n                <\/div><!--\/Volunteers people media end-->\n                \n              <\/div>\n\n                          <\/div><!--\/Volunteers people single intro end-->\n                        <div class=\"grop-team-single-item col-md-4 col-sm-6 col-xs-6\">\n                            <div class=\"grop-vltrs_peple_sngle_intro  grop-tm_dr\">\n                <!--Volunteers people media image start \\-->\n                <div class=\"grop-vltrs_peple_media\">\n                  <div class=\"text-uppercase  grop-vltrs_peple_intro\">SEKRETER<\/div>                  <a href=\"https:\/\/yarinasansver.com\/index.php\/team\/seval-mutlu\/\"><img src=\"\" alt=\"\" \/><\/a>\n                <\/div><!--\/Volunteers people media end-->\n                <!--Volunteers people text start \\-->\n                <div class=\"grop-vltrs_peple_cont_warp\">\n                  <!--Volunteers people intro text start \\-->\n                  <div class=\"grop-vltrs_peple_intro_txt\">\n                    <h4><a href=\"https:\/\/yarinasansver.com\/index.php\/team\/seval-mutlu\/\">Seval MUTLU<\/a><\/h4>                    <p>\n                                          <\/p>\n                  <\/div><!--\/end-->\n                  <!--Social  warp start \\-->\n                  <div class=\"grop-fix grop-vltrs_peple_social_warp row\">\n                    <!--title text start \\-->\n                    <div class=\"col-md-6\">\n                    <h5 class=\"text-left grop-vltrs_peple_scil_title\">Meet Me On:<\/h5><!--\/end--><\/div>\n                    <!--Social  start \\-->\n                    <div class=\"col-md-6  vltrs_peple_social\">\n                      <ul class=\"list-inline text-right\">\n                                            <\/ul>\n                    <\/div><!--\/end-->\n                  <\/div><!--\/Social  warp end-->\n                  \n                <\/div><!--\/Volunteers people media end-->\n                \n              <\/div>\n\n                          <\/div><!--\/Volunteers people single intro end-->\n                        <div class=\"grop-team-single-item col-md-4 col-sm-6 col-xs-6\">\n                            <div class=\"grop-vltrs_peple_sngle_intro  grop-tm_dr\">\n                <!--Volunteers people media image start \\-->\n                <div class=\"grop-vltrs_peple_media\">\n                  <div class=\"text-uppercase  grop-vltrs_peple_intro\">SAYMAN<\/div>                  <a href=\"https:\/\/yarinasansver.com\/index.php\/team\/guzin-asrak\/\"><img src=\"\" alt=\"\" \/><\/a>\n                <\/div><!--\/Volunteers people media end-->\n                <!--Volunteers people text start \\-->\n                <div class=\"grop-vltrs_peple_cont_warp\">\n                  <!--Volunteers people intro text start \\-->\n                  <div class=\"grop-vltrs_peple_intro_txt\">\n                    <h4><a href=\"https:\/\/yarinasansver.com\/index.php\/team\/guzin-asrak\/\">G\u00fczin ASRAK<\/a><\/h4>                    <p>\n                                          <\/p>\n                  <\/div><!--\/end-->\n                  <!--Social  warp start \\-->\n                  <div class=\"grop-fix grop-vltrs_peple_social_warp row\">\n                    <!--title text start \\-->\n                    <div class=\"col-md-6\">\n                    <h5 class=\"text-left grop-vltrs_peple_scil_title\">Meet Me On:<\/h5><!--\/end--><\/div>\n                    <!--Social  start \\-->\n                    <div class=\"col-md-6  vltrs_peple_social\">\n                      <ul class=\"list-inline text-right\">\n                                            <\/ul>\n                    <\/div><!--\/end-->\n                  <\/div><!--\/Social  warp end-->\n                  \n                <\/div><!--\/Volunteers people media end-->\n                \n              <\/div>\n\n                          <\/div><!--\/Volunteers people single intro end-->\n                        <div class=\"grop-team-single-item col-md-4 col-sm-6 col-xs-6\">\n                            <div class=\"grop-vltrs_peple_sngle_intro  grop-tm_dr\">\n                <!--Volunteers people media image start \\-->\n                <div class=\"grop-vltrs_peple_media\">\n                  <div class=\"text-uppercase  grop-vltrs_peple_intro\">Y\u00d6NET\u0130M KURULU \u00dcYES\u0130<\/div>                  <a href=\"https:\/\/yarinasansver.com\/index.php\/team\/elif-hanoglu\/\"><img src=\"\" alt=\"\" \/><\/a>\n                <\/div><!--\/Volunteers people media end-->\n                <!--Volunteers people text start \\-->\n                <div class=\"grop-vltrs_peple_cont_warp\">\n                  <!--Volunteers people intro text start \\-->\n                  <div class=\"grop-vltrs_peple_intro_txt\">\n                    <h4><a href=\"https:\/\/yarinasansver.com\/index.php\/team\/elif-hanoglu\/\">Elif HANO\u011eLU<\/a><\/h4>                    <p>\n                                          <\/p>\n                  <\/div><!--\/end-->\n                  <!--Social  warp start \\-->\n                  <div class=\"grop-fix grop-vltrs_peple_social_warp row\">\n                    <!--title text start \\-->\n                    <div class=\"col-md-6\">\n                    <h5 class=\"text-left grop-vltrs_peple_scil_title\">Meet Me On:<\/h5><!--\/end--><\/div>\n                    <!--Social  start \\-->\n                    <div class=\"col-md-6  vltrs_peple_social\">\n                      <ul class=\"list-inline text-right\">\n                                            <\/ul>\n                    <\/div><!--\/end-->\n                  <\/div><!--\/Social  warp end-->\n                  \n                <\/div><!--\/Volunteers people media end-->\n                \n              <\/div>\n\n                          <\/div><!--\/Volunteers people single intro end-->\n                        <div class=\"grop-team-single-item col-md-4 col-sm-6 col-xs-6\">\n                            <div class=\"grop-vltrs_peple_sngle_intro  grop-tm_dr\">\n                <!--Volunteers people media image start \\-->\n                <div class=\"grop-vltrs_peple_media\">\n                  <div class=\"text-uppercase  grop-vltrs_peple_intro\">Y\u00d6NET\u0130M KURULU \u00dcYES\u0130<\/div>                  <a href=\"https:\/\/yarinasansver.com\/index.php\/team\/gulcin-gulec\/\"><img src=\"\" alt=\"\" \/><\/a>\n                <\/div><!--\/Volunteers people media end-->\n                <!--Volunteers people text start \\-->\n                <div class=\"grop-vltrs_peple_cont_warp\">\n                  <!--Volunteers people intro text start \\-->\n                  <div class=\"grop-vltrs_peple_intro_txt\">\n                    <h4><a href=\"https:\/\/yarinasansver.com\/index.php\/team\/gulcin-gulec\/\">G\u00fcl\u00e7in G\u00dcLE\u00c7<\/a><\/h4>                    <p>\n                                          <\/p>\n                  <\/div><!--\/end-->\n                  <!--Social  warp start \\-->\n                  <div class=\"grop-fix grop-vltrs_peple_social_warp row\">\n                    <!--title text start \\-->\n                    <div class=\"col-md-6\">\n                    <h5 class=\"text-left grop-vltrs_peple_scil_title\">Meet Me On:<\/h5><!--\/end--><\/div>\n                    <!--Social  start \\-->\n                    <div class=\"col-md-6  vltrs_peple_social\">\n                      <ul class=\"list-inline text-right\">\n                                            <\/ul>\n                    <\/div><!--\/end-->\n                  <\/div><!--\/Social  warp end-->\n                  \n                <\/div><!--\/Volunteers people media end-->\n                \n              <\/div>\n\n                          <\/div><!--\/Volunteers people single intro end-->\n                        <div class=\"grop-team-single-item col-md-4 col-sm-6 col-xs-6\">\n                            <div class=\"grop-vltrs_peple_sngle_intro  grop-tm_dr\">\n                <!--Volunteers people media image start \\-->\n                <div class=\"grop-vltrs_peple_media\">\n                  <div class=\"text-uppercase  grop-vltrs_peple_intro\">Y\u00d6NET\u0130M KURULU \u00dcYES\u0130<\/div>                  <a href=\"https:\/\/yarinasansver.com\/index.php\/team\/leman-sari\/\"><img src=\"\" alt=\"\" \/><\/a>\n                <\/div><!--\/Volunteers people media end-->\n                <!--Volunteers people text start \\-->\n                <div class=\"grop-vltrs_peple_cont_warp\">\n                  <!--Volunteers people intro text start \\-->\n                  <div class=\"grop-vltrs_peple_intro_txt\">\n                    <h4><a href=\"https:\/\/yarinasansver.com\/index.php\/team\/leman-sari\/\">Leman SARI<\/a><\/h4>                    <p>\n                                          <\/p>\n                  <\/div><!--\/end-->\n                  <!--Social  warp start \\-->\n                  <div class=\"grop-fix grop-vltrs_peple_social_warp row\">\n                    <!--title text start \\-->\n                    <div class=\"col-md-6\">\n                    <h5 class=\"text-left grop-vltrs_peple_scil_title\">Meet Me On:<\/h5><!--\/end--><\/div>\n                    <!--Social  start \\-->\n                    <div class=\"col-md-6  vltrs_peple_social\">\n                      <ul class=\"list-inline text-right\">\n                                            <\/ul>\n                    <\/div><!--\/end-->\n                  <\/div><!--\/Social  warp end-->\n                  \n                <\/div><!--\/Volunteers people media end-->\n                \n              <\/div>\n\n                          <\/div><!--\/Volunteers people single intro end-->\n                        <div class=\"grop-team-single-item col-md-4 col-sm-6 col-xs-6\">\n                            <div class=\"grop-vltrs_peple_sngle_intro  grop-tm_dr\">\n                <!--Volunteers people media image start \\-->\n                <div class=\"grop-vltrs_peple_media\">\n                  <div class=\"text-uppercase  grop-vltrs_peple_intro\">Y\u00d6NET\u0130M KURULU \u00dcYES\u0130<\/div>                  <a href=\"https:\/\/yarinasansver.com\/index.php\/team\/sanem-cetiner\/\"><img src=\"\" alt=\"\" \/><\/a>\n                <\/div><!--\/Volunteers people media end-->\n                <!--Volunteers people text start \\-->\n                <div class=\"grop-vltrs_peple_cont_warp\">\n                  <!--Volunteers people intro text start \\-->\n                  <div class=\"grop-vltrs_peple_intro_txt\">\n                    <h4><a href=\"https:\/\/yarinasansver.com\/index.php\/team\/sanem-cetiner\/\">Sanem \u00c7ET\u0130NER<\/a><\/h4>                    <p>\n                                          <\/p>\n                  <\/div><!--\/end-->\n                  <!--Social  warp start \\-->\n                  <div class=\"grop-fix grop-vltrs_peple_social_warp row\">\n                    <!--title text start \\-->\n                    <div class=\"col-md-6\">\n                    <h5 class=\"text-left grop-vltrs_peple_scil_title\">Meet Me On:<\/h5><!--\/end--><\/div>\n                    <!--Social  start \\-->\n                    <div class=\"col-md-6  vltrs_peple_social\">\n                      <ul class=\"list-inline text-right\">\n                                            <\/ul>\n                    <\/div><!--\/end-->\n                  <\/div><!--\/Social  warp end-->\n                  \n                <\/div><!--\/Volunteers people media end-->\n                \n              <\/div>\n\n                          <\/div><!--\/Volunteers people single intro end-->\n                        <div class=\"grop-team-single-item col-md-4 col-sm-6 col-xs-6\">\n                            <div class=\"grop-vltrs_peple_sngle_intro  grop-tm_dr\">\n                <!--Volunteers people media image start \\-->\n                <div class=\"grop-vltrs_peple_media\">\n                  <div class=\"text-uppercase  grop-vltrs_peple_intro\">Y\u00d6NET\u0130M KURULU \u00dcYES\u0130<\/div>                  <a href=\"https:\/\/yarinasansver.com\/index.php\/team\/serpil-ozuyguz\/\"><img src=\"\" alt=\"\" \/><\/a>\n                <\/div><!--\/Volunteers people media end-->\n                <!--Volunteers people text start \\-->\n                <div class=\"grop-vltrs_peple_cont_warp\">\n                  <!--Volunteers people intro text start \\-->\n                  <div class=\"grop-vltrs_peple_intro_txt\">\n                    <h4><a href=\"https:\/\/yarinasansver.com\/index.php\/team\/serpil-ozuyguz\/\">Serpil \u00d6ZUYGUZ<\/a><\/h4>                    <p>\n                                          <\/p>\n                  <\/div><!--\/end-->\n                  <!--Social  warp start \\-->\n                  <div class=\"grop-fix grop-vltrs_peple_social_warp row\">\n                    <!--title text start \\-->\n                    <div class=\"col-md-6\">\n                    <h5 class=\"text-left grop-vltrs_peple_scil_title\">Meet Me On:<\/h5><!--\/end--><\/div>\n                    <!--Social  start \\-->\n                    <div class=\"col-md-6  vltrs_peple_social\">\n                      <ul class=\"list-inline text-right\">\n                                            <\/ul>\n                    <\/div><!--\/end-->\n                  <\/div><!--\/Social  warp end-->\n                  \n                <\/div><!--\/Volunteers people media end-->\n                \n              <\/div>\n\n                          <\/div><!--\/Volunteers people single intro end-->\n                        <div class=\"grop-team-single-item col-md-4 col-sm-6 col-xs-6\">\n                            <div class=\"grop-vltrs_peple_sngle_intro  grop-tm_dr\">\n                <!--Volunteers people media image start \\-->\n                <div class=\"grop-vltrs_peple_media\">\n                  <div class=\"text-uppercase  grop-vltrs_peple_intro\">Y\u00d6NET\u0130M KURULU \u00dcYES\u0130<\/div>                  <a href=\"https:\/\/yarinasansver.com\/index.php\/team\/zuhal-osanmaz\/\"><img src=\"\" alt=\"\" \/><\/a>\n                <\/div><!--\/Volunteers people media end-->\n                <!--Volunteers people text start \\-->\n                <div class=\"grop-vltrs_peple_cont_warp\">\n                  <!--Volunteers people intro text start \\-->\n                  <div class=\"grop-vltrs_peple_intro_txt\">\n                    <h4><a href=\"https:\/\/yarinasansver.com\/index.php\/team\/zuhal-osanmaz\/\">Zuhal OSANMAZ<\/a><\/h4>                    <p>\n                                          <\/p>\n                  <\/div><!--\/end-->\n                  <!--Social  warp start \\-->\n                  <div class=\"grop-fix grop-vltrs_peple_social_warp row\">\n                    <!--title text start \\-->\n                    <div class=\"col-md-6\">\n                    <h5 class=\"text-left grop-vltrs_peple_scil_title\">Meet Me On:<\/h5><!--\/end--><\/div>\n                    <!--Social  start \\-->\n                    <div class=\"col-md-6  vltrs_peple_social\">\n                      <ul class=\"list-inline text-right\">\n                                            <\/ul>\n                    <\/div><!--\/end-->\n                  <\/div><!--\/Social  warp end-->\n                  \n                <\/div><!--\/Volunteers people media end-->\n                \n              <\/div>\n\n                          <\/div><!--\/Volunteers people single intro end-->\n                        <div class=\"grop-team-single-item col-md-4 col-sm-6 col-xs-6\">\n                            <div class=\"grop-vltrs_peple_sngle_intro  grop-tm_dr\">\n                <!--Volunteers people media image start \\-->\n                <div class=\"grop-vltrs_peple_media\">\n                  <div class=\"text-uppercase  grop-vltrs_peple_intro\">Y\u00d6NET\u0130M KURULU \u00dcYES\u0130<\/div>                  <a href=\"https:\/\/yarinasansver.com\/index.php\/team\/ahu-cokkardes\/\"><img src=\"\" alt=\"\" \/><\/a>\n                <\/div><!--\/Volunteers people media end-->\n                <!--Volunteers people text start \\-->\n                <div class=\"grop-vltrs_peple_cont_warp\">\n                  <!--Volunteers people intro text start \\-->\n                  <div class=\"grop-vltrs_peple_intro_txt\">\n                    <h4><a href=\"https:\/\/yarinasansver.com\/index.php\/team\/ahu-cokkardes\/\">Ahu \u00c7OKKARDE\u015e<\/a><\/h4>                    <p>\n                                          <\/p>\n                  <\/div><!--\/end-->\n                  <!--Social  warp start \\-->\n                  <div class=\"grop-fix grop-vltrs_peple_social_warp row\">\n                    <!--title text start \\-->\n                    <div class=\"col-md-6\">\n                    <h5 class=\"text-left grop-vltrs_peple_scil_title\">Meet Me On:<\/h5><!--\/end--><\/div>\n                    <!--Social  start \\-->\n                    <div class=\"col-md-6  vltrs_peple_social\">\n                      <ul class=\"list-inline text-right\">\n                                            <\/ul>\n                    <\/div><!--\/end-->\n                  <\/div><!--\/Social  warp end-->\n                  \n                <\/div><!--\/Volunteers people media end-->\n                \n              <\/div>\n\n                          <\/div><!--\/Volunteers people single intro end-->\n                    <\/div> <!-- row -->\n      <\/div> <!-- container -->\n    <\/div> <!-- team End -->\n    [\/vc_column][\/vc_row]<\/p>\n<\/section>","protected":false},"excerpt":{"rendered":"[vc_row overlay_dotted=&#8221;&#8221; css=&#8221;.vc_custom_1507190800269{margin-right: 0px !important;margin-left: 0px !important;}&#8221;][vc_column css=&#8221;.vc_custom_1507190791644{padding-right: 0px !important;padding-left: 0px !important;}&#8221;][\/vc_column][\/vc_row][vc_row","protected":false},"author":1,"featured_media":0,"parent":0,"menu_order":0,"comment_status":"closed","ping_status":"closed","template":"","meta":[],"_links":{"self":[{"href":"https:\/\/yarinasansver.com\/index.php\/wp-json\/wp\/v2\/pages\/603"}],"collection":[{"href":"https:\/\/yarinasansver.com\/index.php\/wp-json\/wp\/v2\/pages"}],"about":[{"href":"https:\/\/yarinasansver.com\/index.php\/wp-json\/wp\/v2\/types\/page"}],"author":[{"embeddable":true,"href":"https:\/\/yarinasansver.com\/index.php\/wp-json\/wp\/v2\/users\/1"}],"replies":[{"embeddable":true,"href":"https:\/\/yarinasansver.com\/index.php\/wp-json\/wp\/v2\/comments?post=603"}],"version-history":[{"count":11,"href":"https:\/\/yarinasansver.com\/index.php\/wp-json\/wp\/v2\/pages\/603\/revisions"}],"predecessor-version":[{"id":3142,"href":"https:\/\/yarinasansver.com\/index.php\/wp-json\/wp\/v2\/pages\/603\/revisions\/3142"}],"wp:attachment":[{"href":"https:\/\/yarinasansver.com\/index.php\/wp-json\/wp\/v2\/media?parent=603"}],"curies":[{"name":"wp","href":"https:\/\/api.w.org\/{rel}","templated":true}]}}